{"id":260,"date":"2016-12-09T09:55:54","date_gmt":"2016-12-09T08:55:54","guid":{"rendered":"http:\/\/wp.lvg-modellflug.de\/?page_id=260"},"modified":"2026-02-23T10:45:22","modified_gmt":"2026-02-23T09:45:22","slug":"naturschutz","status":"publish","type":"page","link":"http:\/\/www.lvg-modellflug.de\/?page_id=260","title":{"rendered":"Naturschutz"},"content":{"rendered":"<h6 class=\"bodytext\">Das Gr\u00fcnstadter Modellfluggel\u00e4nde liegt im <a href=\"http:\/\/www.pfaelzerwald.de\/\" target=\"extern\" rel=\"noopener noreferrer\">Naturpark Pf\u00e4lzer Wald<\/a>, in einem internationalen Vogelschutzgebiet und in einem einzigartigen Magerrasenschutzgebiet. Die Modellflieger unseres Vereines sind schon etwas stolz darauf, ihr Hobby in dieser herrlichen Landschaft betreiben zu k\u00f6nnen. F\u00fcr uns versteht es sich daher von selbst, aktiv f\u00fcr den Umwelt- und Naturschutz auf dem Gr\u00fcnstadter Berg einzutreten.<\/h6>\n<h6 class=\"bodytext\">J\u00e4hrlich wird eine Bergreinigungsaktion (Einsammeln von illegal entsorgtem M\u00fcll) und eine Entbuschung durchgef\u00fchrt. Diese Entbuschung findet in Absprache mit den zust\u00e4ndigen Beh\u00f6rden statt.<\/h6>\n<h6 class=\"bodytext\">Fachkundigen Rat in Sachen Natur- und Landschaftsschutz\u00a0 erh\u00e4lt die Modellfluggruppe von der Landespflegebeh\u00f6rde des <a class=\"external-link-new-window\" title=\"\u00d6ffnet externen Link in neuem Fenster\" href=\"http:\/\/www.kreis-bad-duerkheim.de\/\" target=\"extern\" rel=\"noopener noreferrer\">Kreises Bad D\u00fcrkheim<\/a>, der <a class=\"external-link-new-window\" title=\"\u00d6ffnet externen Link in neuem Fenster\" href=\"https:\/\/badduerkheim.bund-rlp.de\/ortsgruppe-gruenstadt\/\" target=\"_blank\" rel=\"noopener noreferrer\">BUND-Ortsgruppe Gr\u00fcnstadt<\/a> und vom Vogelschutzverein Ebertsheim.<\/h6>\n<h6 class=\"bodytext\">Wir Modellflieger freuen uns auf eine interessante Zukunft auf dem Gr\u00fcnstadter Berg. Basis f\u00fcr diese Zukunft legten die Gr\u00fcnstadter Modellflieger, die in den vergangenen Jahren ihr Wissen und ihre Arbeit f\u00fcr den Verein zur Verf\u00fcgung gestellt haben.<\/h6>\n<h6 class=\"bodytext\">Sie haben weitere Fragen zu unserem Verein und zu unserer Arbeit? Sie erreichen uns unter den angegebenen E-Mailanschriften und Telefonnummern auf unserer <a href=\"http:\/\/www.lvg-modellflug.de\/?page_id=294\">Vorstandsseite<\/a>.<\/h6>\n<h6><\/h6>\n<h6>Naturschutzgebiet rund um das Fluggel\u00e4nde:<\/h6>\n<p><img loading=\"lazy\" decoding=\"async\" class=\"alignleft wp-image-575\" src=\"http:\/\/wp.lvg-modellflug.de\/wp-content\/uploads\/2016\/12\/Naturschutzgebiet-300x262.jpg\" alt=\"\" width=\"600\" height=\"524\" srcset=\"http:\/\/www.lvg-modellflug.de\/wp-content\/uploads\/2016\/12\/Naturschutzgebiet-300x262.jpg 300w, http:\/\/www.lvg-modellflug.de\/wp-content\/uploads\/2016\/12\/Naturschutzgebiet.jpg 600w\" sizes=\"auto, (max-width: 600px) 100vw, 600px\" \/><\/p>\n","protected":false},"excerpt":{"rendered":"<p>Das Gr\u00fcnstadter Modellfluggel\u00e4nde liegt im Naturpark Pf\u00e4lzer Wald, in einem internationalen Vogelschutzgebiet und in einem einzigartigen Magerrasenschutzgebiet. Die Modellflieger unseres Vereines sind schon etwas stolz darauf, ihr Hobby in dieser &#8230; <a title=\"Naturschutz\" class=\"read-more\" href=\"http:\/\/www.lvg-modellflug.de\/?page_id=260\" aria-label=\"Mehr Informationen \u00fcber Naturschutz\">Weiterlesen<\/a><\/p>\n","protected":false},"author":6,"featured_media":0,"parent":0,"menu_order":0,"comment_status":"closed","ping_status":"closed","template":"","meta":{"footnotes":""},"class_list":["post-260","page","type-page","status-publish"],"_links":{"self":[{"href":"http:\/\/www.lvg-modellflug.de\/index.php?rest_route=\/wp\/v2\/pages\/260","targetHints":{"allow":["GET"]}}],"collection":[{"href":"http:\/\/www.lvg-modellflug.de\/index.php?rest_route=\/wp\/v2\/pages"}],"about":[{"href":"http:\/\/www.lvg-modellflug.de\/index.php?rest_route=\/wp\/v2\/types\/page"}],"author":[{"embeddable":true,"href":"http:\/\/www.lvg-modellflug.de\/index.php?rest_route=\/wp\/v2\/users\/6"}],"replies":[{"embeddable":true,"href":"http:\/\/www.lvg-modellflug.de\/index.php?rest_route=%2Fwp%2Fv2%2Fcomments&post=260"}],"version-history":[{"count":10,"href":"http:\/\/www.lvg-modellflug.de\/index.php?rest_route=\/wp\/v2\/pages\/260\/revisions"}],"predecessor-version":[{"id":4892,"href":"http:\/\/www.lvg-modellflug.de\/index.php?rest_route=\/wp\/v2\/pages\/260\/revisions\/4892"}],"wp:attachment":[{"href":"http:\/\/www.lvg-modellflug.de\/index.php?rest_route=%2Fwp%2Fv2%2Fmedia&parent=260"}],"curies":[{"name":"wp","href":"https:\/\/api.w.org\/{rel}","templated":true}]}}