{"id":294,"date":"2016-12-09T09:59:20","date_gmt":"2016-12-09T08:59:20","guid":{"rendered":"http:\/\/wp.lvg-modellflug.de\/?page_id=294"},"modified":"2026-02-23T11:06:47","modified_gmt":"2026-02-23T10:06:47","slug":"sportrat-modellflug","status":"publish","type":"page","link":"http:\/\/www.lvg-modellflug.de\/?page_id=294","title":{"rendered":"Sportrat-Modellflug"},"content":{"rendered":"<h4>Abteilungsleiter: Paul S\u00fcntzenich \/ <a href=\"mailto:modellflug@luftfahrtverein-gruenstadt.de\">E-Mail<\/a><\/h4>\n<h4>Stellvertreter: Stephan Konrad<\/h4>\n<h4>Schriftf\u00fchrer: Marc Henseleit<\/h4>\n<h4>Webmaster: Sebastian Kernst<\/h4>\n<h4>Platzwart: Uwe Best<\/h4>\n<h4>L\u00e4rmmessbeauftragter: Hans-Peter Sei\u00dfler<\/h4>\n<h4>H\u00fcttenwirt: N.N.<\/h4>\n<h4>Datenschutzbeauftragter: Horst D\u00f6nicke<\/h4>\n","protected":false},"excerpt":{"rendered":"<p>Abteilungsleiter: Paul S\u00fcntzenich \/ E-Mail Stellvertreter: Stephan Konrad Schriftf\u00fchrer: Marc Henseleit Webmaster: Sebastian Kernst Platzwart: Uwe Best L\u00e4rmmessbeauftragter: Hans-Peter Sei\u00dfler H\u00fcttenwirt: N.N. Datenschutzbeauftragter: Horst D\u00f6nicke<\/p>\n","protected":false},"author":6,"featured_media":0,"parent":0,"menu_order":0,"comment_status":"closed","ping_status":"closed","template":"","meta":{"footnotes":""},"class_list":["post-294","page","type-page","status-publish"],"_links":{"self":[{"href":"http:\/\/www.lvg-modellflug.de\/index.php?rest_route=\/wp\/v2\/pages\/294","targetHints":{"allow":["GET"]}}],"collection":[{"href":"http:\/\/www.lvg-modellflug.de\/index.php?rest_route=\/wp\/v2\/pages"}],"about":[{"href":"http:\/\/www.lvg-modellflug.de\/index.php?rest_route=\/wp\/v2\/types\/page"}],"author":[{"embeddable":true,"href":"http:\/\/www.lvg-modellflug.de\/index.php?rest_route=\/wp\/v2\/users\/6"}],"replies":[{"embeddable":true,"href":"http:\/\/www.lvg-modellflug.de\/index.php?rest_route=%2Fwp%2Fv2%2Fcomments&post=294"}],"version-history":[{"count":124,"href":"http:\/\/www.lvg-modellflug.de\/index.php?rest_route=\/wp\/v2\/pages\/294\/revisions"}],"predecessor-version":[{"id":4904,"href":"http:\/\/www.lvg-modellflug.de\/index.php?rest_route=\/wp\/v2\/pages\/294\/revisions\/4904"}],"wp:attachment":[{"href":"http:\/\/www.lvg-modellflug.de\/index.php?rest_route=%2Fwp%2Fv2%2Fmedia&parent=294"}],"curies":[{"name":"wp","href":"https:\/\/api.w.org\/{rel}","templated":true}]}}