{"id":463,"date":"2016-12-09T18:17:03","date_gmt":"2016-12-09T17:17:03","guid":{"rendered":"http:\/\/wp.lvg-modellflug.de\/?page_id=463"},"modified":"2017-02-05T09:35:14","modified_gmt":"2017-02-05T08:35:14","slug":"geschichte","status":"publish","type":"page","link":"http:\/\/www.lvg-modellflug.de\/?page_id=463","title":{"rendered":"Geschichte"},"content":{"rendered":"<h6>Ja, man ist erstaunt dar\u00fcber, dass die damaligen Gr\u00fcndungsmitglieder bereits vor dem Krieg ihr Faible f\u00fcr die Luftfahrt in Form von Freiflugmodellen (d.h. Seglermodelle ohne externe Steuerung) auslebten. Man begann auf dem heutigen Modellfluggel\u00e4nde verschiedene Kreationen in die Luft zu bringen. Die gewonnenen Erkenntnisse f\u00fchrten letztendlich zu den sp\u00e4teren, mehr oder minder erfolgreichen Versuchen sich selbst in die L\u00fcfte zu bewegen. Die ersten manntragenden Flugzeuge waren abenteuerliche Konstruktionen, die ein gewisses Risiko nicht vermissen lie\u00dfen! Sie trugen Beinamen wie \u201eSch\u00e4delspalter\u201c etc. und man war froh Ihnen gesund zu entrinnen! Die manntragende Entwicklung wurde in Quirnheim fortgesetzt und das eigentliche \u201eErstfluggel\u00e4nde\u201c wurde seit Ende der 60er Jahre die Heimat der Modellflieger! Der Modellflug hat sich seit dieser Zeit infolge der elektronischen und industriellen Entwicklung grundlegend ver\u00e4ndert und modernisiert. Haben anfangs nur wenige Spezialisten, mit abenteuerlichen Fernsteuersystemen versucht, flugzeug\u00e4hnliche Kreationen in der Luft zu halten, so findet man heute eine hoch technisierte und interessante Freizeitgestaltung vor.<\/h6>\n","protected":false},"excerpt":{"rendered":"<p>Ja, man ist erstaunt dar\u00fcber, dass die damaligen Gr\u00fcndungsmitglieder bereits vor dem Krieg ihr Faible f\u00fcr die Luftfahrt in Form von Freiflugmodellen (d.h. Seglermodelle ohne externe Steuerung) auslebten. Man begann &#8230; <a title=\"Geschichte\" class=\"read-more\" href=\"http:\/\/www.lvg-modellflug.de\/?page_id=463\" aria-label=\"Mehr Informationen \u00fcber Geschichte\">Weiterlesen<\/a><\/p>\n","protected":false},"author":6,"featured_media":0,"parent":0,"menu_order":0,"comment_status":"closed","ping_status":"closed","template":"","meta":{"footnotes":""},"class_list":["post-463","page","type-page","status-publish"],"_links":{"self":[{"href":"http:\/\/www.lvg-modellflug.de\/index.php?rest_route=\/wp\/v2\/pages\/463","targetHints":{"allow":["GET"]}}],"collection":[{"href":"http:\/\/www.lvg-modellflug.de\/index.php?rest_route=\/wp\/v2\/pages"}],"about":[{"href":"http:\/\/www.lvg-modellflug.de\/index.php?rest_route=\/wp\/v2\/types\/page"}],"author":[{"embeddable":true,"href":"http:\/\/www.lvg-modellflug.de\/index.php?rest_route=\/wp\/v2\/users\/6"}],"replies":[{"embeddable":true,"href":"http:\/\/www.lvg-modellflug.de\/index.php?rest_route=%2Fwp%2Fv2%2Fcomments&post=463"}],"version-history":[{"count":7,"href":"http:\/\/www.lvg-modellflug.de\/index.php?rest_route=\/wp\/v2\/pages\/463\/revisions"}],"predecessor-version":[{"id":1125,"href":"http:\/\/www.lvg-modellflug.de\/index.php?rest_route=\/wp\/v2\/pages\/463\/revisions\/1125"}],"wp:attachment":[{"href":"http:\/\/www.lvg-modellflug.de\/index.php?rest_route=%2Fwp%2Fv2%2Fmedia&parent=463"}],"curies":[{"name":"wp","href":"https:\/\/api.w.org\/{rel}","templated":true}]}}